{"id":164,"date":"2021-01-31T16:57:08","date_gmt":"2021-01-31T16:57:08","guid":{"rendered":"http:\/\/www.cosquiclowns.com\/?page_id=164"},"modified":"2021-02-10T20:19:50","modified_gmt":"2021-02-10T20:19:50","slug":"escuela-de-clowns","status":"publish","type":"page","link":"https:\/\/www.cosquiclowns.com\/index.php\/escuela-de-clowns\/","title":{"rendered":"Escuela de clowns"},"content":{"rendered":"\n<p>Cosquiclowns tambi\u00e9n es una <strong>escuela de formaci\u00f3n en t\u00e9cnicas de clown moderno<\/strong>, actividad que ocupa una parte importante de nuestro calendario.<\/p>\n\n\n\n<p class=\"has-bright-blue-color has-text-color has-normal-font-size\"><strong>CURSOS INTENSIVOS<\/strong><\/p>\n\n\n\n<p>Talleres de fin de semana para iniciarse en el mundo del clown, adaptados a todas las edades. Se programan varios a lo largo del a\u00f1o. Al final de los mismos se entrega un diploma o certificado de asistencia. Si est\u00e1s interesado, solicita informaci\u00f3n o s\u00edguenos en nuestras redes sociales (<a href=\"https:\/\/www.facebook.com\/cosquiclowns.payasoshospitalarios\/videos\/1354122071419338\">v\u00eddeo<\/a> de los Cosquiclowns en Facebook publicitando un curso intensivo)<\/p>\n\n\n\n<div class=\"wp-block-image\"><figure class=\"aligncenter size-large is-resized\"><img loading=\"lazy\" decoding=\"async\" src=\"https:\/\/www.cosquiclowns.com\/wp-content\/uploads\/2021\/01\/IMG_20161126_190948-1024x726.jpg\" alt=\"Curso intensivo de iniciaci\u00f3n al clown (Gij\u00f3n, noviembre 2016)\" class=\"wp-image-165\" width=\"512\" height=\"363\" srcset=\"https:\/\/www.cosquiclowns.com\/wp-content\/uploads\/2021\/01\/IMG_20161126_190948-1024x726.jpg 1024w, https:\/\/www.cosquiclowns.com\/wp-content\/uploads\/2021\/01\/IMG_20161126_190948-300x213.jpg 300w, https:\/\/www.cosquiclowns.com\/wp-content\/uploads\/2021\/01\/IMG_20161126_190948-768x544.jpg 768w, https:\/\/www.cosquiclowns.com\/wp-content\/uploads\/2021\/01\/IMG_20161126_190948-1536x1089.jpg 1536w, https:\/\/www.cosquiclowns.com\/wp-content\/uploads\/2021\/01\/IMG_20161126_190948-2048x1452.jpg 2048w, https:\/\/www.cosquiclowns.com\/wp-content\/uploads\/2021\/01\/IMG_20161126_190948-1200x851.jpg 1200w\" sizes=\"auto, (max-width: 512px) 85vw, 512px\" \/><figcaption>Participantes en uno de los cursos intensivos en iniciaci\u00f3n al Clown (Gij\u00f3n, 2016)<\/figcaption><\/figure><\/div>\n\n\n\n<p class=\"has-bright-blue-color has-text-color has-normal-font-size\"><strong>FORMACI\u00d3N PARA SER UN COSQUICLOWNS<\/strong><\/p>\n\n\n\n<p>Hemos dise\u00f1ado un proceso formativo individualizado para cada una de las personas que se incorporen al proyecto. Son CUATRO FASES, cuya superaci\u00f3n (identificada con un color: blanco, amarillo, azul y rojo) habilitar\u00e1 al asistente a participar en diferentes actividades.<\/p>\n\n\n\n<div class=\"wp-block-image\"><figure class=\"aligncenter size-large\"><img loading=\"lazy\" decoding=\"async\" width=\"1024\" height=\"884\" src=\"https:\/\/www.cosquiclowns.com\/wp-content\/uploads\/2021\/01\/Gijon-20121224-02403-1024x884.jpg\" alt=\"\" class=\"wp-image-166\" srcset=\"https:\/\/www.cosquiclowns.com\/wp-content\/uploads\/2021\/01\/Gijon-20121224-02403-1024x884.jpg 1024w, https:\/\/www.cosquiclowns.com\/wp-content\/uploads\/2021\/01\/Gijon-20121224-02403-300x259.jpg 300w, https:\/\/www.cosquiclowns.com\/wp-content\/uploads\/2021\/01\/Gijon-20121224-02403-768x663.jpg 768w, https:\/\/www.cosquiclowns.com\/wp-content\/uploads\/2021\/01\/Gijon-20121224-02403-1536x1327.jpg 1536w, https:\/\/www.cosquiclowns.com\/wp-content\/uploads\/2021\/01\/Gijon-20121224-02403-1200x1036.jpg 1200w, https:\/\/www.cosquiclowns.com\/wp-content\/uploads\/2021\/01\/Gijon-20121224-02403.jpg 1754w\" sizes=\"auto, (max-width: 709px) 85vw, (max-width: 909px) 67vw, (max-width: 1362px) 62vw, 840px\" \/><figcaption>Chapas Cosquiclowns que identifican a su poseedor con el nivel de formaci\u00f3n adquirido<\/figcaption><\/figure><\/div>\n\n\n\n<p><\/p>\n\n\n\n<p>Una vez superada la \u00faltima fase y conseguida la Nariz Roja, la formaci\u00f3n no acaba, porque un clown necesita formarse continuamente e interactuar en din\u00e1micas con sus compa\u00f1eros. Para eso tenemos cada semana las SESIONES COSQUICLOWNS. <\/p>\n\n\n\n<div class=\"wp-block-columns is-layout-flex wp-container-core-columns-is-layout-9d6595d7 wp-block-columns-is-layout-flex\">\n<div class=\"wp-block-column is-layout-flow wp-block-column-is-layout-flow\">\n<figure class=\"wp-block-image size-large\"><img loading=\"lazy\" decoding=\"async\" width=\"1024\" height=\"788\" src=\"https:\/\/www.cosquiclowns.com\/wp-content\/uploads\/2021\/01\/17-1024x788.jpg\" alt=\"\" class=\"wp-image-171\" srcset=\"https:\/\/www.cosquiclowns.com\/wp-content\/uploads\/2021\/01\/17-1024x788.jpg 1024w, https:\/\/www.cosquiclowns.com\/wp-content\/uploads\/2021\/01\/17-300x231.jpg 300w, https:\/\/www.cosquiclowns.com\/wp-content\/uploads\/2021\/01\/17-768x591.jpg 768w, https:\/\/www.cosquiclowns.com\/wp-content\/uploads\/2021\/01\/17-1536x1183.jpg 1536w, https:\/\/www.cosquiclowns.com\/wp-content\/uploads\/2021\/01\/17-2048x1577.jpg 2048w, https:\/\/www.cosquiclowns.com\/wp-content\/uploads\/2021\/01\/17-1200x924.jpg 1200w\" sizes=\"auto, (max-width: 709px) 85vw, (max-width: 909px) 67vw, (max-width: 1362px) 62vw, 840px\" \/><figcaption>Participantes en una Sesi\u00f3n Cosquiclowns<\/figcaption><\/figure>\n<\/div>\n\n\n\n<div class=\"wp-block-column is-layout-flow wp-block-column-is-layout-flow\">\n<figure class=\"wp-block-image size-large\"><img loading=\"lazy\" decoding=\"async\" width=\"1024\" height=\"727\" src=\"https:\/\/www.cosquiclowns.com\/wp-content\/uploads\/2021\/01\/05-1024x727.jpg\" alt=\"\" class=\"wp-image-169\" srcset=\"https:\/\/www.cosquiclowns.com\/wp-content\/uploads\/2021\/01\/05-1024x727.jpg 1024w, https:\/\/www.cosquiclowns.com\/wp-content\/uploads\/2021\/01\/05-300x213.jpg 300w, https:\/\/www.cosquiclowns.com\/wp-content\/uploads\/2021\/01\/05-768x546.jpg 768w, https:\/\/www.cosquiclowns.com\/wp-content\/uploads\/2021\/01\/05-1536x1091.jpg 1536w, https:\/\/www.cosquiclowns.com\/wp-content\/uploads\/2021\/01\/05-2048x1455.jpg 2048w, https:\/\/www.cosquiclowns.com\/wp-content\/uploads\/2021\/01\/05-1200x853.jpg 1200w\" sizes=\"auto, (max-width: 709px) 85vw, (max-width: 909px) 67vw, (max-width: 1362px) 62vw, 840px\" \/><figcaption>Detalle de una Sesi\u00f3n Cosquiclowns<\/figcaption><\/figure>\n<\/div>\n<\/div>\n\n\n\n<p class=\"has-bright-red-color has-text-color\">Con la pandemia de la COVID-19 la formaci\u00f3n presencial se ha limitado a las Sesiones Cosquiclowns de los equipos de Cosquiclowns, siempre ajustadas a las exigencias institucionales en materia de prevenci\u00f3n. En cuanto la situaci\u00f3n mejore volveremos a la normalidad con cursos presenciales abiertos a todas las personas interesadas. <\/p>\n\n\n\n<p>S\u00edguenos en las Redes Sociales para mantenerte informado.<\/p>\n","protected":false},"excerpt":{"rendered":"<p>Cosquiclowns tambi\u00e9n es una escuela de formaci\u00f3n en t\u00e9cnicas de clown moderno, actividad que ocupa una parte importante de nuestro calendario. CURSOS INTENSIVOS Talleres de fin de semana para iniciarse en el mundo del clown, adaptados a todas las edades. Se programan varios a lo largo del a\u00f1o. Al final de los mismos se entrega &hellip; <a href=\"https:\/\/www.cosquiclowns.com\/index.php\/escuela-de-clowns\/\" class=\"more-link\">Continuar leyendo<span class=\"screen-reader-text\"> \u00abEscuela de clowns\u00bb<\/span><\/a><\/p>\n","protected":false},"author":1,"featured_media":0,"parent":0,"menu_order":0,"comment_status":"closed","ping_status":"closed","template":"","meta":{"footnotes":""},"class_list":["post-164","page","type-page","status-publish","hentry"],"yoast_head":"<!-- This site is optimized with the Yoast SEO plugin v20.7 - https:\/\/yoast.com\/wordpress\/plugins\/seo\/ -->\n<title>Escuela de clowns - Cosquiclowns<\/title>\n<meta name=\"description\" content=\"Cosquiclowns tambi\u00e9n es una escuela de formaci\u00f3n en t\u00e9cnicas de clown moderno, actividad que ocupa una parte importante de nuestro calendario. CURSOS\" \/>\n<meta name=\"robots\" content=\"index, follow, max-snippet:-1, max-image-preview:large, max-video-preview:-1\" \/>\n<link rel=\"canonical\" href=\"https:\/\/www.cosquiclowns.com\/index.php\/escuela-de-clowns\/\" \/>\n<meta property=\"og:locale\" content=\"es_ES\" \/>\n<meta property=\"og:type\" content=\"article\" \/>\n<meta property=\"og:title\" content=\"Escuela de clowns - Cosquiclowns\" \/>\n<meta property=\"og:description\" content=\"Cosquiclowns tambi\u00e9n es una escuela de formaci\u00f3n en t\u00e9cnicas de clown moderno, actividad que ocupa una parte importante de nuestro calendario. CURSOS\" \/>\n<meta property=\"og:url\" content=\"https:\/\/www.cosquiclowns.com\/index.php\/escuela-de-clowns\/\" \/>\n<meta property=\"og:site_name\" content=\"COSQUICLOWNS\" \/>\n<meta property=\"article:modified_time\" content=\"2021-02-10T20:19:50+00:00\" \/>\n<meta property=\"og:image\" content=\"https:\/\/www.cosquiclowns.com\/wp-content\/uploads\/2021\/01\/IMG_20161126_190948-1024x726.jpg\" \/>\n<meta name=\"twitter:card\" content=\"summary_large_image\" \/>\n<meta name=\"twitter:label1\" content=\"Tiempo de lectura\" \/>\n\t<meta name=\"twitter:data1\" content=\"2 minutos\" \/>\n<script type=\"application\/ld+json\" class=\"yoast-schema-graph\">{\"@context\":\"https:\/\/schema.org\",\"@graph\":[{\"@type\":\"WebPage\",\"@id\":\"https:\/\/www.cosquiclowns.com\/index.php\/escuela-de-clowns\/\",\"url\":\"https:\/\/www.cosquiclowns.com\/index.php\/escuela-de-clowns\/\",\"name\":\"Escuela de clowns - Cosquiclowns\",\"isPartOf\":{\"@id\":\"https:\/\/www.cosquiclowns.com\/#website\"},\"datePublished\":\"2021-01-31T16:57:08+00:00\",\"dateModified\":\"2021-02-10T20:19:50+00:00\",\"description\":\"Cosquiclowns tambi\u00e9n es una escuela de formaci\u00f3n en t\u00e9cnicas de clown moderno, actividad que ocupa una parte importante de nuestro calendario. CURSOS\",\"breadcrumb\":{\"@id\":\"https:\/\/www.cosquiclowns.com\/index.php\/escuela-de-clowns\/#breadcrumb\"},\"inLanguage\":\"es\",\"potentialAction\":[{\"@type\":\"ReadAction\",\"target\":[\"https:\/\/www.cosquiclowns.com\/index.php\/escuela-de-clowns\/\"]}]},{\"@type\":\"BreadcrumbList\",\"@id\":\"https:\/\/www.cosquiclowns.com\/index.php\/escuela-de-clowns\/#breadcrumb\",\"itemListElement\":[{\"@type\":\"ListItem\",\"position\":1,\"name\":\"Portada\",\"item\":\"https:\/\/www.cosquiclowns.com\/\"},{\"@type\":\"ListItem\",\"position\":2,\"name\":\"Escuela de clowns\"}]},{\"@type\":\"WebSite\",\"@id\":\"https:\/\/www.cosquiclowns.com\/#website\",\"url\":\"https:\/\/www.cosquiclowns.com\/\",\"name\":\"COSQUICLOWNS\",\"description\":\"payasos hospitalarios y asistenciales\",\"publisher\":{\"@id\":\"https:\/\/www.cosquiclowns.com\/#organization\"},\"potentialAction\":[{\"@type\":\"SearchAction\",\"target\":{\"@type\":\"EntryPoint\",\"urlTemplate\":\"https:\/\/www.cosquiclowns.com\/?s={search_term_string}\"},\"query-input\":\"required name=search_term_string\"}],\"inLanguage\":\"es\"},{\"@type\":\"Organization\",\"@id\":\"https:\/\/www.cosquiclowns.com\/#organization\",\"name\":\"Asociaci\u00f3n Cosquiclowns\",\"url\":\"https:\/\/www.cosquiclowns.com\/\",\"logo\":{\"@type\":\"ImageObject\",\"inLanguage\":\"es\",\"@id\":\"https:\/\/www.cosquiclowns.com\/#\/schema\/logo\/image\/\",\"url\":\"https:\/\/www.cosquiclowns.com\/wp-content\/uploads\/2020\/12\/cropped-COSQUICLOWNS-Logo-scaled-1.jpg\",\"contentUrl\":\"https:\/\/www.cosquiclowns.com\/wp-content\/uploads\/2020\/12\/cropped-COSQUICLOWNS-Logo-scaled-1.jpg\",\"width\":512,\"height\":512,\"caption\":\"Asociaci\u00f3n Cosquiclowns\"},\"image\":{\"@id\":\"https:\/\/www.cosquiclowns.com\/#\/schema\/logo\/image\/\"}}]}<\/script>\n<!-- \/ Yoast SEO plugin. -->","yoast_head_json":{"title":"Escuela de clowns - Cosquiclowns","description":"Cosquiclowns tambi\u00e9n es una escuela de formaci\u00f3n en t\u00e9cnicas de clown moderno, actividad que ocupa una parte importante de nuestro calendario. CURSOS","robots":{"index":"index","follow":"follow","max-snippet":"max-snippet:-1","max-image-preview":"max-image-preview:large","max-video-preview":"max-video-preview:-1"},"canonical":"https:\/\/www.cosquiclowns.com\/index.php\/escuela-de-clowns\/","og_locale":"es_ES","og_type":"article","og_title":"Escuela de clowns - Cosquiclowns","og_description":"Cosquiclowns tambi\u00e9n es una escuela de formaci\u00f3n en t\u00e9cnicas de clown moderno, actividad que ocupa una parte importante de nuestro calendario. CURSOS","og_url":"https:\/\/www.cosquiclowns.com\/index.php\/escuela-de-clowns\/","og_site_name":"COSQUICLOWNS","article_modified_time":"2021-02-10T20:19:50+00:00","og_image":[{"url":"https:\/\/www.cosquiclowns.com\/wp-content\/uploads\/2021\/01\/IMG_20161126_190948-1024x726.jpg"}],"twitter_card":"summary_large_image","twitter_misc":{"Tiempo de lectura":"2 minutos"},"schema":{"@context":"https:\/\/schema.org","@graph":[{"@type":"WebPage","@id":"https:\/\/www.cosquiclowns.com\/index.php\/escuela-de-clowns\/","url":"https:\/\/www.cosquiclowns.com\/index.php\/escuela-de-clowns\/","name":"Escuela de clowns - Cosquiclowns","isPartOf":{"@id":"https:\/\/www.cosquiclowns.com\/#website"},"datePublished":"2021-01-31T16:57:08+00:00","dateModified":"2021-02-10T20:19:50+00:00","description":"Cosquiclowns tambi\u00e9n es una escuela de formaci\u00f3n en t\u00e9cnicas de clown moderno, actividad que ocupa una parte importante de nuestro calendario. CURSOS","breadcrumb":{"@id":"https:\/\/www.cosquiclowns.com\/index.php\/escuela-de-clowns\/#breadcrumb"},"inLanguage":"es","potentialAction":[{"@type":"ReadAction","target":["https:\/\/www.cosquiclowns.com\/index.php\/escuela-de-clowns\/"]}]},{"@type":"BreadcrumbList","@id":"https:\/\/www.cosquiclowns.com\/index.php\/escuela-de-clowns\/#breadcrumb","itemListElement":[{"@type":"ListItem","position":1,"name":"Portada","item":"https:\/\/www.cosquiclowns.com\/"},{"@type":"ListItem","position":2,"name":"Escuela de clowns"}]},{"@type":"WebSite","@id":"https:\/\/www.cosquiclowns.com\/#website","url":"https:\/\/www.cosquiclowns.com\/","name":"COSQUICLOWNS","description":"payasos hospitalarios y asistenciales","publisher":{"@id":"https:\/\/www.cosquiclowns.com\/#organization"},"potentialAction":[{"@type":"SearchAction","target":{"@type":"EntryPoint","urlTemplate":"https:\/\/www.cosquiclowns.com\/?s={search_term_string}"},"query-input":"required name=search_term_string"}],"inLanguage":"es"},{"@type":"Organization","@id":"https:\/\/www.cosquiclowns.com\/#organization","name":"Asociaci\u00f3n Cosquiclowns","url":"https:\/\/www.cosquiclowns.com\/","logo":{"@type":"ImageObject","inLanguage":"es","@id":"https:\/\/www.cosquiclowns.com\/#\/schema\/logo\/image\/","url":"https:\/\/www.cosquiclowns.com\/wp-content\/uploads\/2020\/12\/cropped-COSQUICLOWNS-Logo-scaled-1.jpg","contentUrl":"https:\/\/www.cosquiclowns.com\/wp-content\/uploads\/2020\/12\/cropped-COSQUICLOWNS-Logo-scaled-1.jpg","width":512,"height":512,"caption":"Asociaci\u00f3n Cosquiclowns"},"image":{"@id":"https:\/\/www.cosquiclowns.com\/#\/schema\/logo\/image\/"}}]}},"_links":{"self":[{"href":"https:\/\/www.cosquiclowns.com\/index.php\/wp-json\/wp\/v2\/pages\/164","targetHints":{"allow":["GET"]}}],"collection":[{"href":"https:\/\/www.cosquiclowns.com\/index.php\/wp-json\/wp\/v2\/pages"}],"about":[{"href":"https:\/\/www.cosquiclowns.com\/index.php\/wp-json\/wp\/v2\/types\/page"}],"author":[{"embeddable":true,"href":"https:\/\/www.cosquiclowns.com\/index.php\/wp-json\/wp\/v2\/users\/1"}],"replies":[{"embeddable":true,"href":"https:\/\/www.cosquiclowns.com\/index.php\/wp-json\/wp\/v2\/comments?post=164"}],"version-history":[{"count":3,"href":"https:\/\/www.cosquiclowns.com\/index.php\/wp-json\/wp\/v2\/pages\/164\/revisions"}],"predecessor-version":[{"id":179,"href":"https:\/\/www.cosquiclowns.com\/index.php\/wp-json\/wp\/v2\/pages\/164\/revisions\/179"}],"wp:attachment":[{"href":"https:\/\/www.cosquiclowns.com\/index.php\/wp-json\/wp\/v2\/media?parent=164"}],"curies":[{"name":"wp","href":"https:\/\/api.w.org\/{rel}","templated":true}]}}