{"id":511,"date":"2024-03-20T23:27:08","date_gmt":"2024-03-20T23:27:08","guid":{"rendered":"https:\/\/www.cosquiclowns.com\/?page_id=511"},"modified":"2025-06-10T18:02:31","modified_gmt":"2025-06-10T18:02:31","slug":"creciendo-con-emociones","status":"publish","type":"page","link":"https:\/\/www.cosquiclowns.com\/index.php\/creciendo-con-emociones\/","title":{"rendered":"Creciendo con Emociones"},"content":{"rendered":"\n<p>Nuestra experiencia en el Hospital de Cabue\u00f1es y en talleres en los centros escolares, nos ha permitido conocer de primera mano el estado emocional de los m\u00e1s peque\u00f1os. <\/p>\n\n\n\n<p>La ansiedad y el estr\u00e9s tan habituales en las hospitalizaciones se han ido ampliando a su d\u00eda a d\u00eda, a su convivencia familiar, a sus relaciones interpersonales, a los entornos escolares\u2026, agravado, en gran medida, por la incertidumbre y el miedo asociado al confinamiento y la pandemia que sufrimos hace unos a\u00f1os.<\/p>\n\n\n\n<p>En este contexto, nos propusimos crear y desarrollar un proyecto destinado a ense\u00f1ar a los escolares la importancia de la gesti\u00f3n emocional (identificar y manejar sus emociones de manera saludable promueve una mejor salud mental y emocional), y el fortalecimiento de la autoestima (una s\u00f3lida autoestima es un factor protector contra el acoso escolar y contribuye al bienestar general de los estudiantes)<\/p>\n\n\n\n<p>Nuestro objetivo es proporcionar a los ni\u00f1os y ni\u00f1as herramientas para identificar y expresar sus emociones de manera saludable, desarrollar habilidades de comunicaci\u00f3n y empat\u00eda, as\u00ed como fomentar su autoestima y su capacidad para relacionarse con los dem\u00e1s.<\/p>\n\n\n\n<p class=\"has-bright-blue-color has-text-color\">As\u00ed, con el apoyo de la <a href=\"https:\/\/www.cosquiclowns.com\/index.php\/fmss-ayuntamiento-de-gijon\/\">FMSS del Ayuntamiento de Gij\u00f3n<\/a>, hemos podido poner en marcha un Taller para el desarrollo emocional en el entorno escolar, que denominamos \u00abCreciendo con Emociones\u00bb<\/p>\n\n\n\n<figure class=\"wp-block-image size-large\"><img loading=\"lazy\" decoding=\"async\" width=\"1024\" height=\"724\" src=\"https:\/\/www.cosquiclowns.com\/wp-content\/uploads\/2024\/03\/Taller-de-Clown-Emociones-curso-2023-24_page-0001-1-1024x724.jpg\" alt=\"Creciendo con Emociones - Cosquiclowns\" class=\"wp-image-512\" srcset=\"https:\/\/www.cosquiclowns.com\/wp-content\/uploads\/2024\/03\/Taller-de-Clown-Emociones-curso-2023-24_page-0001-1-1024x724.jpg 1024w, https:\/\/www.cosquiclowns.com\/wp-content\/uploads\/2024\/03\/Taller-de-Clown-Emociones-curso-2023-24_page-0001-1-300x212.jpg 300w, https:\/\/www.cosquiclowns.com\/wp-content\/uploads\/2024\/03\/Taller-de-Clown-Emociones-curso-2023-24_page-0001-1-768x543.jpg 768w, https:\/\/www.cosquiclowns.com\/wp-content\/uploads\/2024\/03\/Taller-de-Clown-Emociones-curso-2023-24_page-0001-1-1536x1086.jpg 1536w, https:\/\/www.cosquiclowns.com\/wp-content\/uploads\/2024\/03\/Taller-de-Clown-Emociones-curso-2023-24_page-0001-1-2048x1448.jpg 2048w, https:\/\/www.cosquiclowns.com\/wp-content\/uploads\/2024\/03\/Taller-de-Clown-Emociones-curso-2023-24_page-0001-1-1200x849.jpg 1200w\" sizes=\"auto, (max-width: 709px) 85vw, (max-width: 909px) 67vw, (max-width: 1362px) 62vw, 840px\" \/><figcaption class=\"wp-element-caption\">Cartel utilizado durante el curso 2023\/24<\/figcaption><\/figure>\n\n\n\n<p>El taller, inicialmente destinado al primer y segundo ciclo de Educaci\u00f3n Primaria, se llevar\u00e1 a cabo de manera participativa, utilizando una combinaci\u00f3n de actividades pr\u00e1cticas, din\u00e1micas de grupo, din\u00e1micas de clown y reflexiones individuales.<\/p>\n\n\n\n<p>Gracias al apoyo de la FMSS del Ayuntamiento de Gij\u00f3n, hemos podido mejorar la imagen de los talleres (ver foto siguiente, con las emociones creadas por Juaco Amado) y el desarrollo de los mismos durante el curso 2024\/25.<\/p>\n\n\n\n<figure class=\"wp-block-image size-large\"><img loading=\"lazy\" decoding=\"async\" width=\"1024\" height=\"438\" src=\"https:\/\/www.cosquiclowns.com\/wp-content\/uploads\/2025\/06\/IMG_20240321_004244-1024x438.jpg\" alt=\"Emociones Cosquiclowns\" class=\"wp-image-544\" srcset=\"https:\/\/www.cosquiclowns.com\/wp-content\/uploads\/2025\/06\/IMG_20240321_004244-1024x438.jpg 1024w, https:\/\/www.cosquiclowns.com\/wp-content\/uploads\/2025\/06\/IMG_20240321_004244-300x128.jpg 300w, https:\/\/www.cosquiclowns.com\/wp-content\/uploads\/2025\/06\/IMG_20240321_004244-768x328.jpg 768w, https:\/\/www.cosquiclowns.com\/wp-content\/uploads\/2025\/06\/IMG_20240321_004244-1536x657.jpg 1536w, https:\/\/www.cosquiclowns.com\/wp-content\/uploads\/2025\/06\/IMG_20240321_004244-1200x513.jpg 1200w, https:\/\/www.cosquiclowns.com\/wp-content\/uploads\/2025\/06\/IMG_20240321_004244.jpg 1600w\" sizes=\"auto, (max-width: 709px) 85vw, (max-width: 909px) 67vw, (max-width: 1362px) 62vw, 840px\" \/><figcaption class=\"wp-element-caption\">Diferentes emociones del taller \u00abCreciendo con emociones\u00bb de Cosquiclowns<\/figcaption><\/figure>\n\n\n\n<p>Para el curso 2024\/25, hemos redise\u00f1ado el taller para que se pueda desarrollar \u00edntegramente en el aula.  <\/p>\n\n\n\n<p>Durante el \u00faltimo trimestre de 2024 hemos desarrollado once talleres en tres centros escolares de Gij\u00f3n: CP Mart\u00ednez Torner, CP Santa Olaya, y CP Los Pericones, llegando a 200 escolares de educaci\u00f3n primaria (1\u00ba y 2\u00ba)<\/p>\n\n\n\n<p><\/p>\n","protected":false},"excerpt":{"rendered":"<p>Nuestra experiencia en el Hospital de Cabue\u00f1es y en talleres en los centros escolares, nos ha permitido conocer de primera mano el estado emocional de los m\u00e1s peque\u00f1os. La ansiedad y el estr\u00e9s tan habituales en las hospitalizaciones se han ido ampliando a su d\u00eda a d\u00eda, a su convivencia familiar, a sus relaciones interpersonales, &hellip; <a href=\"https:\/\/www.cosquiclowns.com\/index.php\/creciendo-con-emociones\/\" class=\"more-link\">Continuar leyendo<span class=\"screen-reader-text\"> \u00abCreciendo con Emociones\u00bb<\/span><\/a><\/p>\n","protected":false},"author":1,"featured_media":0,"parent":0,"menu_order":0,"comment_status":"closed","ping_status":"closed","template":"","meta":{"footnotes":""},"class_list":["post-511","page","type-page","status-publish","hentry"],"yoast_head":"<!-- This site is optimized with the Yoast SEO plugin v20.7 - https:\/\/yoast.com\/wordpress\/plugins\/seo\/ -->\n<title>Creciendo con Emociones - Cosquiclowns<\/title>\n<meta name=\"description\" content=\"Nuestra experiencia en el Hospital de Cabue\u00f1es y en talleres en los centros escolares, nos ha permitido conocer de primera mano el estado emocional de los\" \/>\n<meta name=\"robots\" content=\"index, follow, max-snippet:-1, max-image-preview:large, max-video-preview:-1\" \/>\n<link rel=\"canonical\" href=\"https:\/\/www.cosquiclowns.com\/index.php\/creciendo-con-emociones\/\" \/>\n<meta property=\"og:locale\" content=\"es_ES\" \/>\n<meta property=\"og:type\" content=\"article\" \/>\n<meta property=\"og:title\" content=\"Creciendo con Emociones - Cosquiclowns\" \/>\n<meta property=\"og:description\" content=\"Nuestra experiencia en el Hospital de Cabue\u00f1es y en talleres en los centros escolares, nos ha permitido conocer de primera mano el estado emocional de los\" \/>\n<meta property=\"og:url\" content=\"https:\/\/www.cosquiclowns.com\/index.php\/creciendo-con-emociones\/\" \/>\n<meta property=\"og:site_name\" content=\"COSQUICLOWNS\" \/>\n<meta property=\"article:modified_time\" content=\"2025-06-10T18:02:31+00:00\" \/>\n<meta property=\"og:image\" content=\"https:\/\/www.cosquiclowns.com\/wp-content\/uploads\/2024\/03\/Taller-de-Clown-Emociones-curso-2023-24_page-0001-1-1024x724.jpg\" \/>\n<meta name=\"twitter:card\" content=\"summary_large_image\" \/>\n<meta name=\"twitter:label1\" content=\"Tiempo de lectura\" \/>\n\t<meta name=\"twitter:data1\" content=\"3 minutos\" \/>\n<script type=\"application\/ld+json\" class=\"yoast-schema-graph\">{\"@context\":\"https:\/\/schema.org\",\"@graph\":[{\"@type\":\"WebPage\",\"@id\":\"https:\/\/www.cosquiclowns.com\/index.php\/creciendo-con-emociones\/\",\"url\":\"https:\/\/www.cosquiclowns.com\/index.php\/creciendo-con-emociones\/\",\"name\":\"Creciendo con Emociones - Cosquiclowns\",\"isPartOf\":{\"@id\":\"https:\/\/www.cosquiclowns.com\/#website\"},\"datePublished\":\"2024-03-20T23:27:08+00:00\",\"dateModified\":\"2025-06-10T18:02:31+00:00\",\"description\":\"Nuestra experiencia en el Hospital de Cabue\u00f1es y en talleres en los centros escolares, nos ha permitido conocer de primera mano el estado emocional de los\",\"breadcrumb\":{\"@id\":\"https:\/\/www.cosquiclowns.com\/index.php\/creciendo-con-emociones\/#breadcrumb\"},\"inLanguage\":\"es\",\"potentialAction\":[{\"@type\":\"ReadAction\",\"target\":[\"https:\/\/www.cosquiclowns.com\/index.php\/creciendo-con-emociones\/\"]}]},{\"@type\":\"BreadcrumbList\",\"@id\":\"https:\/\/www.cosquiclowns.com\/index.php\/creciendo-con-emociones\/#breadcrumb\",\"itemListElement\":[{\"@type\":\"ListItem\",\"position\":1,\"name\":\"Portada\",\"item\":\"https:\/\/www.cosquiclowns.com\/\"},{\"@type\":\"ListItem\",\"position\":2,\"name\":\"Creciendo con Emociones\"}]},{\"@type\":\"WebSite\",\"@id\":\"https:\/\/www.cosquiclowns.com\/#website\",\"url\":\"https:\/\/www.cosquiclowns.com\/\",\"name\":\"COSQUICLOWNS\",\"description\":\"payasos hospitalarios y asistenciales\",\"publisher\":{\"@id\":\"https:\/\/www.cosquiclowns.com\/#organization\"},\"potentialAction\":[{\"@type\":\"SearchAction\",\"target\":{\"@type\":\"EntryPoint\",\"urlTemplate\":\"https:\/\/www.cosquiclowns.com\/?s={search_term_string}\"},\"query-input\":\"required name=search_term_string\"}],\"inLanguage\":\"es\"},{\"@type\":\"Organization\",\"@id\":\"https:\/\/www.cosquiclowns.com\/#organization\",\"name\":\"Asociaci\u00f3n Cosquiclowns\",\"url\":\"https:\/\/www.cosquiclowns.com\/\",\"logo\":{\"@type\":\"ImageObject\",\"inLanguage\":\"es\",\"@id\":\"https:\/\/www.cosquiclowns.com\/#\/schema\/logo\/image\/\",\"url\":\"https:\/\/www.cosquiclowns.com\/wp-content\/uploads\/2020\/12\/cropped-COSQUICLOWNS-Logo-scaled-1.jpg\",\"contentUrl\":\"https:\/\/www.cosquiclowns.com\/wp-content\/uploads\/2020\/12\/cropped-COSQUICLOWNS-Logo-scaled-1.jpg\",\"width\":512,\"height\":512,\"caption\":\"Asociaci\u00f3n Cosquiclowns\"},\"image\":{\"@id\":\"https:\/\/www.cosquiclowns.com\/#\/schema\/logo\/image\/\"}}]}<\/script>\n<!-- \/ Yoast SEO plugin. -->","yoast_head_json":{"title":"Creciendo con Emociones - Cosquiclowns","description":"Nuestra experiencia en el Hospital de Cabue\u00f1es y en talleres en los centros escolares, nos ha permitido conocer de primera mano el estado emocional de los","robots":{"index":"index","follow":"follow","max-snippet":"max-snippet:-1","max-image-preview":"max-image-preview:large","max-video-preview":"max-video-preview:-1"},"canonical":"https:\/\/www.cosquiclowns.com\/index.php\/creciendo-con-emociones\/","og_locale":"es_ES","og_type":"article","og_title":"Creciendo con Emociones - Cosquiclowns","og_description":"Nuestra experiencia en el Hospital de Cabue\u00f1es y en talleres en los centros escolares, nos ha permitido conocer de primera mano el estado emocional de los","og_url":"https:\/\/www.cosquiclowns.com\/index.php\/creciendo-con-emociones\/","og_site_name":"COSQUICLOWNS","article_modified_time":"2025-06-10T18:02:31+00:00","og_image":[{"url":"https:\/\/www.cosquiclowns.com\/wp-content\/uploads\/2024\/03\/Taller-de-Clown-Emociones-curso-2023-24_page-0001-1-1024x724.jpg"}],"twitter_card":"summary_large_image","twitter_misc":{"Tiempo de lectura":"3 minutos"},"schema":{"@context":"https:\/\/schema.org","@graph":[{"@type":"WebPage","@id":"https:\/\/www.cosquiclowns.com\/index.php\/creciendo-con-emociones\/","url":"https:\/\/www.cosquiclowns.com\/index.php\/creciendo-con-emociones\/","name":"Creciendo con Emociones - Cosquiclowns","isPartOf":{"@id":"https:\/\/www.cosquiclowns.com\/#website"},"datePublished":"2024-03-20T23:27:08+00:00","dateModified":"2025-06-10T18:02:31+00:00","description":"Nuestra experiencia en el Hospital de Cabue\u00f1es y en talleres en los centros escolares, nos ha permitido conocer de primera mano el estado emocional de los","breadcrumb":{"@id":"https:\/\/www.cosquiclowns.com\/index.php\/creciendo-con-emociones\/#breadcrumb"},"inLanguage":"es","potentialAction":[{"@type":"ReadAction","target":["https:\/\/www.cosquiclowns.com\/index.php\/creciendo-con-emociones\/"]}]},{"@type":"BreadcrumbList","@id":"https:\/\/www.cosquiclowns.com\/index.php\/creciendo-con-emociones\/#breadcrumb","itemListElement":[{"@type":"ListItem","position":1,"name":"Portada","item":"https:\/\/www.cosquiclowns.com\/"},{"@type":"ListItem","position":2,"name":"Creciendo con Emociones"}]},{"@type":"WebSite","@id":"https:\/\/www.cosquiclowns.com\/#website","url":"https:\/\/www.cosquiclowns.com\/","name":"COSQUICLOWNS","description":"payasos hospitalarios y asistenciales","publisher":{"@id":"https:\/\/www.cosquiclowns.com\/#organization"},"potentialAction":[{"@type":"SearchAction","target":{"@type":"EntryPoint","urlTemplate":"https:\/\/www.cosquiclowns.com\/?s={search_term_string}"},"query-input":"required name=search_term_string"}],"inLanguage":"es"},{"@type":"Organization","@id":"https:\/\/www.cosquiclowns.com\/#organization","name":"Asociaci\u00f3n Cosquiclowns","url":"https:\/\/www.cosquiclowns.com\/","logo":{"@type":"ImageObject","inLanguage":"es","@id":"https:\/\/www.cosquiclowns.com\/#\/schema\/logo\/image\/","url":"https:\/\/www.cosquiclowns.com\/wp-content\/uploads\/2020\/12\/cropped-COSQUICLOWNS-Logo-scaled-1.jpg","contentUrl":"https:\/\/www.cosquiclowns.com\/wp-content\/uploads\/2020\/12\/cropped-COSQUICLOWNS-Logo-scaled-1.jpg","width":512,"height":512,"caption":"Asociaci\u00f3n Cosquiclowns"},"image":{"@id":"https:\/\/www.cosquiclowns.com\/#\/schema\/logo\/image\/"}}]}},"_links":{"self":[{"href":"https:\/\/www.cosquiclowns.com\/index.php\/wp-json\/wp\/v2\/pages\/511","targetHints":{"allow":["GET"]}}],"collection":[{"href":"https:\/\/www.cosquiclowns.com\/index.php\/wp-json\/wp\/v2\/pages"}],"about":[{"href":"https:\/\/www.cosquiclowns.com\/index.php\/wp-json\/wp\/v2\/types\/page"}],"author":[{"embeddable":true,"href":"https:\/\/www.cosquiclowns.com\/index.php\/wp-json\/wp\/v2\/users\/1"}],"replies":[{"embeddable":true,"href":"https:\/\/www.cosquiclowns.com\/index.php\/wp-json\/wp\/v2\/comments?post=511"}],"version-history":[{"count":2,"href":"https:\/\/www.cosquiclowns.com\/index.php\/wp-json\/wp\/v2\/pages\/511\/revisions"}],"predecessor-version":[{"id":545,"href":"https:\/\/www.cosquiclowns.com\/index.php\/wp-json\/wp\/v2\/pages\/511\/revisions\/545"}],"wp:attachment":[{"href":"https:\/\/www.cosquiclowns.com\/index.php\/wp-json\/wp\/v2\/media?parent=511"}],"curies":[{"name":"wp","href":"https:\/\/api.w.org\/{rel}","templated":true}]}}